{"id":91,"date":"2018-11-05T04:48:50","date_gmt":"2018-11-05T02:48:50","guid":{"rendered":"http:\/\/mente.hu\/en\/?page_id=91"},"modified":"2018-12-06T10:45:35","modified_gmt":"2018-12-06T08:45:35","slug":"pictures","status":"publish","type":"page","link":"https:\/\/mente.hu\/en\/pictures\/","title":{"rendered":"Pictures"},"content":{"rendered":"<div id=\"jig1\" class=\"justified-image-grid jig-7abb2dbad6600af9a5b744ce7eeb4971 jig-preset-global\"><div class=\"jig-clearfix\"><\/div><noscript id=\"jig1-html\" class=\"justified-image-grid-html\" data-lazy-src=\"skiplazyload\" data-src=\"skipunveillazyload\"><ul><li><a href=\"https:\/\/mente.hu\/en\/wp-json\/wp\/v2\/pages\/91album\/139134821-72157721146114622\" title=\"collection_default_l\"><img loading=\"lazy\" decoding=\"async\" src=\"https:\/\/combo.staticflickr.com\/pw\/images\/collection_default_l.gif\" alt=\"Emberhal\u00e1sz csoportok\" width=\"179\" height=\"134\" \/><\/a><p class=\"jig-HTMLdescription\">Emberhal\u00e1sz csoportok<br\/>collection_default_l<\/p><\/li><li><a href=\"https:\/\/mente.hu\/en\/wp-json\/wp\/v2\/pages\/91album\/139134821-72157700677975621\" title=\"collection_default_l\"><img loading=\"lazy\" decoding=\"async\" src=\"https:\/\/combo.staticflickr.com\/pw\/images\/collection_default_l.gif\" alt=\"K\u00f6z\u00f6s k\u00e9peink\" width=\"179\" height=\"134\" \/><\/a><p class=\"jig-HTMLdescription\">K\u00f6z\u00f6s k\u00e9peink<br\/>collection_default_l<\/p><\/li><li><a href=\"https:\/\/mente.hu\/en\/wp-json\/wp\/v2\/pages\/91album\/139134821-72157698331881192\" title=\"collection_default_l\"><img loading=\"lazy\" decoding=\"async\" src=\"https:\/\/combo.staticflickr.com\/pw\/images\/collection_default_l.gif\" alt=\"D\u00e9l-Dunamenti Nagyboldogasszony K\u00f6z\u00f6ss\u00e9g\" width=\"179\" height=\"134\" \/><\/a><p class=\"jig-HTMLdescription\">D\u00e9l-Dunamenti Nagyboldogasszony K\u00f6z\u00f6ss\u00e9g<br\/>collection_default_l<\/p><\/li><li><a href=\"https:\/\/mente.hu\/en\/wp-json\/wp\/v2\/pages\/91album\/139134821-72157698331872742\" title=\"collection_default_l\"><img loading=\"lazy\" decoding=\"async\" src=\"https:\/\/combo.staticflickr.com\/pw\/images\/collection_default_l.gif\" alt=\"\u00c9szak-Dunamenti Nagyboldogasszony K\u00f6z\u00f6ss\u00e9g\" width=\"179\" height=\"134\" \/><\/a><p class=\"jig-HTMLdescription\">\u00c9szak-Dunamenti Nagyboldogasszony K\u00f6z\u00f6ss\u00e9g<br\/>collection_default_l<\/p><\/li><li><a href=\"https:\/\/mente.hu\/en\/wp-json\/wp\/v2\/pages\/91album\/139134821-72157673631923218\" title=\"collection_default_l\"><img loading=\"lazy\" decoding=\"async\" src=\"https:\/\/combo.staticflickr.com\/pw\/images\/collection_default_l.gif\" alt=\"Galgamenti Nagyboldogasszony K\u00f6z\u00f6ss\u00e9g\" width=\"179\" height=\"134\" \/><\/a><p class=\"jig-HTMLdescription\">Galgamenti Nagyboldogasszony K\u00f6z\u00f6ss\u00e9g<br\/>collection_default_l<\/p><\/li><li><a href=\"https:\/\/mente.hu\/en\/wp-json\/wp\/v2\/pages\/91album\/139134821-72157671472378617\" title=\"collection_default_l\"><img loading=\"lazy\" decoding=\"async\" src=\"https:\/\/combo.staticflickr.com\/pw\/images\/collection_default_l.gif\" alt=\"Ipolymenti Nagyboldogasszony K\u00f6z\u00f6ss\u00e9g\" width=\"179\" height=\"134\" \/><\/a><p class=\"jig-HTMLdescription\">Ipolymenti Nagyboldogasszony K\u00f6z\u00f6ss\u00e9g<br\/>collection_default_l<\/p><\/li><li><a href=\"https:\/\/mente.hu\/en\/wp-json\/wp\/v2\/pages\/91album\/139134821-72157673631890528\" title=\"collection_default_l\"><img loading=\"lazy\" decoding=\"async\" src=\"https:\/\/combo.staticflickr.com\/pw\/images\/collection_default_l.gif\" alt=\"Tiszamenti Nagyboldogasszony K\u00f6z\u00f6ss\u00e9g\" width=\"179\" height=\"134\" \/><\/a><p class=\"jig-HTMLdescription\">Tiszamenti Nagyboldogasszony K\u00f6z\u00f6ss\u00e9g<br\/>collection_default_l<\/p><\/li><li><a href=\"https:\/\/mente.hu\/en\/wp-json\/wp\/v2\/pages\/91album\/139134821-72157723701858759\" title=\"collection_default_l\"><img loading=\"lazy\" decoding=\"async\" src=\"https:\/\/combo.staticflickr.com\/pw\/images\/collection_default_l.gif\" alt=\"T\u00e1pi\u00f3menti Nagyboldogasszony K\u00f6z\u00f6ss\u00e9g\" width=\"179\" height=\"134\" \/><\/a><p class=\"jig-HTMLdescription\">T\u00e1pi\u00f3menti Nagyboldogasszony K\u00f6z\u00f6ss\u00e9g<br\/>collection_default_l<\/p><\/li><li><a href=\"https:\/\/mente.hu\/en\/wp-json\/wp\/v2\/pages\/91album\/139134821-72157673631823778\" title=\"collection_default_l\"><img loading=\"lazy\" decoding=\"async\" src=\"https:\/\/combo.staticflickr.com\/pw\/images\/collection_default_l.gif\" alt=\"Zagyvamenti Nagyboldogasszony K\u00f6z\u00f6ss\u00e9g\" width=\"179\" height=\"134\" \/><\/a><p class=\"jig-HTMLdescription\">Zagyvamenti Nagyboldogasszony K\u00f6z\u00f6ss\u00e9g<br\/>collection_default_l<\/p><\/li><\/ul><\/noscript><\/div>\n","protected":false},"excerpt":{"rendered":"","protected":false},"author":1,"featured_media":97,"parent":0,"menu_order":0,"comment_status":"closed","ping_status":"closed","template":"","meta":{"footnotes":""},"class_list":["post-91","page","type-page","status-publish","has-post-thumbnail","hentry"],"_links":{"self":[{"href":"https:\/\/mente.hu\/en\/wp-json\/wp\/v2\/pages\/91","targetHints":{"allow":["GET"]}}],"collection":[{"href":"https:\/\/mente.hu\/en\/wp-json\/wp\/v2\/pages"}],"about":[{"href":"https:\/\/mente.hu\/en\/wp-json\/wp\/v2\/types\/page"}],"author":[{"embeddable":true,"href":"https:\/\/mente.hu\/en\/wp-json\/wp\/v2\/users\/1"}],"replies":[{"embeddable":true,"href":"https:\/\/mente.hu\/en\/wp-json\/wp\/v2\/comments?post=91"}],"version-history":[{"count":1,"href":"https:\/\/mente.hu\/en\/wp-json\/wp\/v2\/pages\/91\/revisions"}],"predecessor-version":[{"id":92,"href":"https:\/\/mente.hu\/en\/wp-json\/wp\/v2\/pages\/91\/revisions\/92"}],"wp:featuredmedia":[{"embeddable":true,"href":"https:\/\/mente.hu\/en\/wp-json\/wp\/v2\/media\/97"}],"wp:attachment":[{"href":"https:\/\/mente.hu\/en\/wp-json\/wp\/v2\/media?parent=91"}],"curies":[{"name":"wp","href":"https:\/\/api.w.org\/{rel}","templated":true}]}}