{"id":61,"date":"2018-04-05T19:59:59","date_gmt":"2018-04-05T19:59:59","guid":{"rendered":"http:\/\/mente.hu\/en\/?page_id=61"},"modified":"2021-04-15T12:17:17","modified_gmt":"2021-04-15T10:17:17","slug":"videos","status":"publish","type":"page","link":"https:\/\/mente.hu\/en\/videos\/","title":{"rendered":"Videos"},"content":{"rendered":"<p><strong>Our short video for International Congress Renovabis online 2020.<br \/>\n<\/strong>(English version)<strong><br \/>\n<\/strong><\/p>\n<p><iframe loading=\"lazy\" title=\"Remain Connected - Hungary, Youth Chaplaincy of the V\u00e1c Diocese\" width=\"1170\" height=\"658\" src=\"https:\/\/www.youtube.com\/embed\/381zNAak8Xo?feature=oembed\" frameborder=\"0\" allow=\"accelerometer; autoplay; clipboard-write; encrypted-media; gyroscope; picture-in-picture\" allowfullscreen><\/iframe><\/p>\n<p>&nbsp;<\/p>\n<p><strong>About the results of our foundation<br \/>\n<\/strong>(Hungarian with english subtitle)<\/p>\n<p><iframe loading=\"lazy\" title=\"VIFI Alap\u00edtv\u00e1ny - eredm\u00e9nyeink\" width=\"1170\" height=\"658\" src=\"https:\/\/www.youtube.com\/embed\/T35op14v-RM?feature=oembed\" frameborder=\"0\" allow=\"accelerometer; autoplay; clipboard-write; encrypted-media; gyroscope; picture-in-picture\" allowfullscreen><\/iframe><\/p>\n<p>&nbsp;<\/p>\n<p><strong>Introductional video playlist about our mission:<br \/>\n<\/strong>(English version)<\/p>\n<p><iframe loading=\"lazy\" title=\"About Us - Part 1. - Origins\" width=\"1170\" height=\"658\" src=\"https:\/\/www.youtube.com\/embed\/quynxA3jV50?feature=oembed\" frameborder=\"0\" allow=\"accelerometer; autoplay; clipboard-write; encrypted-media; gyroscope; picture-in-picture\" allowfullscreen><\/iframe><\/p>\n<p>&nbsp;<\/p>\n<p><strong>MentePoint opening<br \/>\n<\/strong>(Hungarian with english subtitle)<strong><br \/>\n<\/strong><\/p>\n<p><iframe loading=\"lazy\" title=\"MentePont megnyit\u00f3\" width=\"1170\" height=\"658\" src=\"https:\/\/www.youtube.com\/embed\/axDZlKApjWg?feature=oembed\" frameborder=\"0\" allow=\"accelerometer; autoplay; clipboard-write; encrypted-media; gyroscope; picture-in-picture\" allowfullscreen><\/iframe><\/p>\n","protected":false},"excerpt":{"rendered":"<p>Our short video for International Congress Renovabis online 2020. (English version) &nbsp; About the results of our foundation (Hungarian with english subtitle) &nbsp; Introductional video playlist about our mission: (English [&hellip;]<\/p>\n","protected":false},"author":3,"featured_media":64,"parent":0,"menu_order":0,"comment_status":"closed","ping_status":"closed","template":"","meta":{"footnotes":""},"class_list":["post-61","page","type-page","status-publish","has-post-thumbnail","hentry"],"_links":{"self":[{"href":"https:\/\/mente.hu\/en\/wp-json\/wp\/v2\/pages\/61","targetHints":{"allow":["GET"]}}],"collection":[{"href":"https:\/\/mente.hu\/en\/wp-json\/wp\/v2\/pages"}],"about":[{"href":"https:\/\/mente.hu\/en\/wp-json\/wp\/v2\/types\/page"}],"author":[{"embeddable":true,"href":"https:\/\/mente.hu\/en\/wp-json\/wp\/v2\/users\/3"}],"replies":[{"embeddable":true,"href":"https:\/\/mente.hu\/en\/wp-json\/wp\/v2\/comments?post=61"}],"version-history":[{"count":8,"href":"https:\/\/mente.hu\/en\/wp-json\/wp\/v2\/pages\/61\/revisions"}],"predecessor-version":[{"id":151,"href":"https:\/\/mente.hu\/en\/wp-json\/wp\/v2\/pages\/61\/revisions\/151"}],"wp:featuredmedia":[{"embeddable":true,"href":"https:\/\/mente.hu\/en\/wp-json\/wp\/v2\/media\/64"}],"wp:attachment":[{"href":"https:\/\/mente.hu\/en\/wp-json\/wp\/v2\/media?parent=61"}],"curies":[{"name":"wp","href":"https:\/\/api.w.org\/{rel}","templated":true}]}}