{"id":48,"date":"2018-04-04T17:54:09","date_gmt":"2018-04-04T17:54:09","guid":{"rendered":"http:\/\/mente.hu\/en\/?page_id=48"},"modified":"2018-05-20T20:11:53","modified_gmt":"2018-05-20T20:11:53","slug":"other-mentepoint-miksz-school-mission","status":"publish","type":"page","link":"https:\/\/mente.hu\/en\/other-mentepoint-miksz-school-mission\/","title":{"rendered":"Other: MentePoint, MIKSZ, School mission&#8230;"},"content":{"rendered":"<p><strong><u>MentePoint in the House of Dialogue<\/u><\/strong><\/p>\n<p>We received a community space in Budapest (1085 Budapest, Hor\u00e1nszky street 20.) for three years in the House of Dialogue, the so-called MentePoint, which has become the venue of discussions and the meeting point of our students currently residing in the capital city. We also use this space as a logistical point for our media equipment.<\/p>\n<p><strong><u>MIKSZ<\/u><\/strong><\/p>\n<p>The MIKSZ was launched in Autumn 2012: this is the Mente Biweekly Prayer Evening on Wednesdays for those studying in or close to Budapest.<\/p>\n<p><strong><u>School community service at parishes and regions<\/u><\/strong><\/p>\n<p>In Autumn 2013 we organized it together with 69 host institutions and more than 60 partnering schools and the co-operation of the <strong>VIFI Foundation<\/strong> that the obligatory 50-hour school community service to be completed for the maturity exam can be attained by our students at their own parishes or regions.<\/p>\n<p>The so-called <strong>Hard-working Autumn<\/strong> initiative is a headline project at more parishes. This occasion is often related to the <strong>\u201972 Hours Without Compromises\u2019<\/strong> volunteer project which aim is to bring together students and presenting how working together can help people and transform our environment.<\/p>\n<p><strong><u>School Mission<\/u><\/strong><\/p>\n<p>Since 2012 we held annual spiritual days at schools with our volunteers, colleagues, and sometimes other partners (for example Salesians). This is referred to as the school mission.<\/p>\n<p><strong><u>Co-operation with several spiritualities<\/u><\/strong><\/p>\n<p>Since 2011 we have established close co-operation with several spiritualities and religious orders working with young people in various fields of youth pastor service. For example since 2014 we have launched <strong>oratories<\/strong> with the <strong>Salesians<\/strong> at several parishes. Members of the Charismatic Renewal often organize apostle-training religious exercises for our youth preparing for confirmation. The \u2018Fire-fly\u2019 Community (Szentj\u00e1nosbog\u00e1r K\u00f6z\u00f6ss\u00e9g) enriched our community leaders with its games.<\/p>\n<p><strong>You can find the related episode of our \u201eAbout us\u201d series <a href=\"https:\/\/youtu.be\/SPCGHBdE2-Q\">here.\u00a0<\/a><u> <\/u><\/strong><\/p>\n","protected":false},"excerpt":{"rendered":"<p>MentePoint in the House of Dialogue We received a community space in Budapest (1085 Budapest, Hor\u00e1nszky street 20.) for three years in the House of Dialogue, the so-called MentePoint, which [&hellip;]<\/p>\n","protected":false},"author":3,"featured_media":54,"parent":0,"menu_order":0,"comment_status":"closed","ping_status":"closed","template":"","meta":{"footnotes":""},"class_list":["post-48","page","type-page","status-publish","has-post-thumbnail","hentry"],"_links":{"self":[{"href":"https:\/\/mente.hu\/en\/wp-json\/wp\/v2\/pages\/48","targetHints":{"allow":["GET"]}}],"collection":[{"href":"https:\/\/mente.hu\/en\/wp-json\/wp\/v2\/pages"}],"about":[{"href":"https:\/\/mente.hu\/en\/wp-json\/wp\/v2\/types\/page"}],"author":[{"embeddable":true,"href":"https:\/\/mente.hu\/en\/wp-json\/wp\/v2\/users\/3"}],"replies":[{"embeddable":true,"href":"https:\/\/mente.hu\/en\/wp-json\/wp\/v2\/comments?post=48"}],"version-history":[{"count":2,"href":"https:\/\/mente.hu\/en\/wp-json\/wp\/v2\/pages\/48\/revisions"}],"predecessor-version":[{"id":84,"href":"https:\/\/mente.hu\/en\/wp-json\/wp\/v2\/pages\/48\/revisions\/84"}],"wp:featuredmedia":[{"embeddable":true,"href":"https:\/\/mente.hu\/en\/wp-json\/wp\/v2\/media\/54"}],"wp:attachment":[{"href":"https:\/\/mente.hu\/en\/wp-json\/wp\/v2\/media?parent=48"}],"curies":[{"name":"wp","href":"https:\/\/api.w.org\/{rel}","templated":true}]}}